{"id":2177,"date":"2026-03-27T09:54:22","date_gmt":"2026-03-27T08:54:22","guid":{"rendered":"https:\/\/razart.hu\/wp\/?page_id=2177"},"modified":"2026-03-27T09:56:33","modified_gmt":"2026-03-27T08:56:33","slug":"nyitooldal","status":"publish","type":"page","link":"https:\/\/razart.hu\/wp\/","title":{"rendered":"Nyit\u00f3oldal"},"content":{"rendered":"\t\t<div data-elementor-type=\"wp-page\" data-elementor-id=\"2177\" class=\"elementor elementor-2177\" data-elementor-post-type=\"page\">\n\t\t\t\t<div class=\"elementor-element elementor-element-e3282dc e-flex e-con-boxed e-con e-parent\" data-id=\"e3282dc\" data-element_type=\"container\" data-e-type=\"container\">\n\t\t\t\t\t<div class=\"e-con-inner\">\n\t\t\t\t<div class=\"elementor-element elementor-element-7b762f1 elementor-widget elementor-widget-text-editor\" data-id=\"7b762f1\" data-element_type=\"widget\" data-e-type=\"widget\" data-widget_type=\"text-editor.default\">\n\t\t\t\t<div class=\"elementor-widget-container\">\n\t\t\t\t\t\t\t\t\t<p>Horv\u00e1th Irma: Utam<\/p>\t\t\t\t\t\t\t\t<\/div>\n\t\t\t\t<\/div>\n\t\t\t\t<div class=\"elementor-element elementor-element-c03c695 elementor-widget elementor-widget-text-editor\" data-id=\"c03c695\" data-element_type=\"widget\" data-e-type=\"widget\" data-widget_type=\"text-editor.default\">\n\t\t\t\t<div class=\"elementor-widget-container\">\n\t\t\t\t\t\t\t\t\t<p>Van el\u0151ttem, de nem l\u00e1tom,<br \/>h\u00e1tam m\u00f6g\u00f6tt is hom\u00e1lyom,<br \/>m\u00e9gis megyek, egymagam,<br \/>csak az eny\u00e9m az utam.<\/p>\t\t\t\t\t\t\t\t<\/div>\n\t\t\t\t<\/div>\n\t\t\t\t<div class=\"elementor-element elementor-element-e81dcf3 elementor-widget elementor-widget-text-editor\" data-id=\"e81dcf3\" data-element_type=\"widget\" data-e-type=\"widget\" data-widget_type=\"text-editor.default\">\n\t\t\t\t<div class=\"elementor-widget-container\">\n\t\t\t\t\t\t\t\t\t<p>Ahol j\u00e1rok, vil\u00e1g ny\u00edlik,<br \/>felfedezem, nap vil\u00e1glik.<br \/>Azt, hogy \u00e9ppen itt vagyok,<br \/>mutatj\u00e1k a csillagok.<\/p>\t\t\t\t\t\t\t\t<\/div>\n\t\t\t\t<\/div>\n\t\t\t\t<div class=\"elementor-element elementor-element-6a29809 elementor-widget elementor-widget-text-editor\" data-id=\"6a29809\" data-element_type=\"widget\" data-e-type=\"widget\" data-widget_type=\"text-editor.default\">\n\t\t\t\t<div class=\"elementor-widget-container\">\n\t\t\t\t\t\t\t\t\t<p>Holdas este, t\u00e9velyg\u0151\u2026<br \/>Mikor j\u00f6n a megment\u0151?<br \/>Saj\u00e1t magam leszek az,<br \/>menj csak b\u00e1tran \u2013 s\u00fagom azt.<\/p>\t\t\t\t\t\t\t\t<\/div>\n\t\t\t\t<\/div>\n\t\t\t\t<div class=\"elementor-element elementor-element-f6940d0 elementor-widget elementor-widget-text-editor\" data-id=\"f6940d0\" data-element_type=\"widget\" data-e-type=\"widget\" data-widget_type=\"text-editor.default\">\n\t\t\t\t<div class=\"elementor-widget-container\">\n\t\t\t\t\t\t\t\t\t<p>A s\u00f6t\u00e9ts\u00e9g elt\u0171n\u0151ben,<br \/>\u00fat egy r\u00e9sze felt\u0171n\u0151ben.<br \/>B\u00edzhatsz bennem, t\u00e1mogatlak,<br \/>magam megvagyok magamnak.<\/p>\t\t\t\t\t\t\t\t<\/div>\n\t\t\t\t<\/div>\n\t\t\t\t<div class=\"elementor-element elementor-element-734ff25 elementor-widget elementor-widget-text-editor\" data-id=\"734ff25\" data-element_type=\"widget\" data-e-type=\"widget\" data-widget_type=\"text-editor.default\">\n\t\t\t\t<div class=\"elementor-widget-container\">\n\t\t\t\t\t\t\t\t\t<p>\u221e<\/p><p>Szeretettel k\u00f6sz\u00f6ntelek a honlapomon!<\/p><p>Irma<\/p>\t\t\t\t\t\t\t\t<\/div>\n\t\t\t\t<\/div>\n\t\t\t\t\t<\/div>\n\t\t\t\t<\/div>\n\t\t\t\t<\/div>\n\t\t","protected":false},"excerpt":{"rendered":"<p>Horv\u00e1th Irma: Utam Van el\u0151ttem, de nem l\u00e1tom, h\u00e1tam m\u00f6g\u00f6tt is hom\u00e1lyom, m\u00e9gis megyek, egymagam, csak az eny\u00e9m az utam. Ahol j\u00e1rok, vil\u00e1g ny\u00edlik, felfedezem, nap vil\u00e1glik. Azt, hogy \u00e9ppen itt vagyok, mutatj\u00e1k a csillagok. Holdas este, t\u00e9velyg\u0151\u2026 Mikor j\u00f6n a megment\u0151? Saj\u00e1t magam leszek az, menj csak b\u00e1tran \u2013 s\u00fagom azt. A s\u00f6t\u00e9ts\u00e9g elt\u0171n\u0151ben, [&hellip;]<\/p>\n","protected":false},"author":1,"featured_media":0,"parent":0,"menu_order":1,"comment_status":"closed","ping_status":"closed","template":"","meta":{"site-sidebar-layout":"no-sidebar","site-content-layout":"page-builder","ast-site-content-layout":"full-width-container","site-content-style":"default","site-sidebar-style":"default","ast-global-header-display":"","ast-banner-title-visibility":"","ast-main-header-display":"","ast-hfb-above-header-display":"","ast-hfb-below-header-display":"","ast-hfb-mobile-header-display":"","site-post-title":"","ast-breadcrumbs-content":"","ast-featured-img":"disabled","footer-sml-layout":"","ast-disable-related-posts":"","theme-transparent-header-meta":"default","adv-header-id-meta":"","stick-header-meta":"","header-above-stick-meta":"","header-main-stick-meta":"","header-below-stick-meta":"","astra-migrate-meta-layouts":"set","ast-page-background-enabled":"default","ast-page-background-meta":{"desktop":{"background-color":"var(--ast-global-color-4)","background-image":"","background-repeat":"repeat","background-position":"center center","background-size":"auto","background-attachment":"scroll","background-type":"","background-media":"","overlay-type":"","overlay-color":"","overlay-opacity":"","overlay-gradient":""},"tablet":{"background-color":"","background-image":"","background-repeat":"repeat","background-position":"center center","background-size":"auto","background-attachment":"scroll","background-type":"","background-media":"","overlay-type":"","overlay-color":"","overlay-opacity":"","overlay-gradient":""},"mobile":{"background-color":"","background-image":"","background-repeat":"repeat","background-position":"center center","background-size":"auto","background-attachment":"scroll","background-type":"","background-media":"","overlay-type":"","overlay-color":"","overlay-opacity":"","overlay-gradient":""}},"ast-content-background-meta":{"desktop":{"background-color":"var(--ast-global-color-5)","background-image":"","background-repeat":"repeat","background-position":"center center","background-size":"auto","background-attachment":"scroll","background-type":"","background-media":"","overlay-type":"","overlay-color":"","overlay-opacity":"","overlay-gradient":""},"tablet":{"background-color":"var(--ast-global-color-5)","background-image":"","background-repeat":"repeat","background-position":"center center","background-size":"auto","background-attachment":"scroll","background-type":"","background-media":"","overlay-type":"","overlay-color":"","overlay-opacity":"","overlay-gradient":""},"mobile":{"background-color":"var(--ast-global-color-5)","background-image":"","background-repeat":"repeat","background-position":"center center","background-size":"auto","background-attachment":"scroll","background-type":"","background-media":"","overlay-type":"","overlay-color":"","overlay-opacity":"","overlay-gradient":""}},"footnotes":""},"class_list":["post-2177","page","type-page","status-publish","hentry"],"_links":{"self":[{"href":"https:\/\/razart.hu\/wp\/wp-json\/wp\/v2\/pages\/2177","targetHints":{"allow":["GET"]}}],"collection":[{"href":"https:\/\/razart.hu\/wp\/wp-json\/wp\/v2\/pages"}],"about":[{"href":"https:\/\/razart.hu\/wp\/wp-json\/wp\/v2\/types\/page"}],"author":[{"embeddable":true,"href":"https:\/\/razart.hu\/wp\/wp-json\/wp\/v2\/users\/1"}],"replies":[{"embeddable":true,"href":"https:\/\/razart.hu\/wp\/wp-json\/wp\/v2\/comments?post=2177"}],"version-history":[{"count":5,"href":"https:\/\/razart.hu\/wp\/wp-json\/wp\/v2\/pages\/2177\/revisions"}],"predecessor-version":[{"id":2182,"href":"https:\/\/razart.hu\/wp\/wp-json\/wp\/v2\/pages\/2177\/revisions\/2182"}],"wp:attachment":[{"href":"https:\/\/razart.hu\/wp\/wp-json\/wp\/v2\/media?parent=2177"}],"curies":[{"name":"wp","href":"https:\/\/api.w.org\/{rel}","templated":true}]}}